{"id":455,"date":"2025-03-06T15:21:19","date_gmt":"2025-03-06T15:21:19","guid":{"rendered":"http:\/\/localhost\/ckiki-dev\/?page_id=455"},"modified":"2025-03-28T10:15:26","modified_gmt":"2025-03-28T10:15:26","slug":"privacy-policy","status":"publish","type":"page","link":"https:\/\/website.develop.ckiki.com\/en\/privacy-policy\/","title":{"rendered":"Privacy Policy"},"content":{"rendered":"<div class=\"wp-block-group container privacy-section is-layout-flow wp-block-group-is-layout-flow\">\n<div class=\"wp-block-group container privacy-section-title aos-item-fade is-layout-flow wp-block-group-is-layout-flow\">\n<h1 class=\"wp-block-heading custom-text-gradient\">Privacy<\/h1>\n\n\n\n<h1 class=\"wp-block-heading\">Policy<\/h1>\n<\/div>\n<\/div>\n\n\n\n<div class=\"wp-block-group container privacy-section-policies-block is-layout-flow wp-block-group-is-layout-flow\">\n<div class=\"wp-block-group container privacy-section-policies-block-box aos-item-fade is-layout-flow wp-block-group-is-layout-flow\">\n<h2 class=\"wp-block-heading\">1. OBJECT<\/h2>\n\n\n\n<p>MY FOOOD is a simplified joint-stock company registered with the RCS of Rennes under number 901 287 136, whose head office is located at 3 all\u00e9e des pivoines 35830 BETTON.<\/p>\n\n\n\n<p>Mail : <a href=\"mailto:hello@ckiki.com\">hello@ckiki.com<\/a>;&nbsp;&nbsp;<a href=\"mailto:laurentf@ckiki.com\">laurentf@ckiki.com<\/a><\/p>\n\n\n\n<p>N\u00b0 : 0613566064<\/p>\n\n\n\n<p>As part of the use of the CKIKI Application (hereinafter the \u201cApplication\u201d), MY FOOOD carries out various processing of Personal Data (hereinafter your \u201cData\u201d) as Data Controller.<\/p>\n\n\n\n<p>MY FOOD places confidentiality and respect for Data at the heart of its concerns.<\/p>\n\n\n\n<p>MY FOOOD protects your privacy by ensuring the protection, confidentiality, non-alteration, availability and security of the Data that you entrust to it on all of its communication channels.<\/p>\n\n\n\n<p>MY FOOOD undertakes to ensure that this policy, as well as its application in practice, complies with the personal data protection system (hereinafter the \u201cRegulations in force\u201d), in particular:<\/p>\n\n\n\n<ul class=\"wp-block-list\">\n<li>General Data Protection Regulation No. 2016\/679 of the Parliament and of the Council of 27 April 2016 (hereinafter the \u201cGDPR\u201d);<\/li>\n\n\n\n<li>Data Protection Act No. 78-17 of 6 January 1978, amended by Act No. 2018-493 of 20 June 2018;<\/li>\n\n\n\n<li>Decree No. 2019-536 of May 29, 2019, adopted for the application of Law No. 78-17 of January 6, 1978 relating to information technology, files and freedoms.<\/li>\n<\/ul>\n\n\n\n<p>This policy may be subject to change depending on the legal and regulatory context, and with regard to the doctrine of the National Commission for Information Technology and Civil Liberties (hereinafter the \u201cCNIL\u201d).<\/p>\n<\/div>\n\n\n\n<div class=\"wp-block-group container privacy-section-policies-block-box aos-item-fade is-layout-flow wp-block-group-is-layout-flow\">\n<h2 class=\"wp-block-heading\">2. PERSONAL DATA PROTECTION OFFICER<\/h2>\n\n\n\n<p>In order to ensure that its practices comply with the Regulations in force, MY FOOOD has appointed a Personal Data Protection Officer (hereinafter the \u201cOfficer\u201d). Laurent Fontagnol<\/p>\n\n\n\n<p>The Referent is the privileged point of contact between you and MY FOOOD regarding the protection of personal data.<\/p>\n\n\n\n<p>You can contact the Referent for any questions relating to the processing of your Data as well as the exercise of your rights over them (see article 7) by contacting them at the following address: Laurent Fontagnol 3 all\u00e9e des Pivoines 35830 Betton<\/p>\n<\/div>\n\n\n\n<div class=\"wp-block-group container privacy-section-policies-block-box aos-item-fade is-layout-flow wp-block-group-is-layout-flow\">\n<h2 class=\"wp-block-heading\">3. COLLECTION OF PERSONAL DATA<\/h2>\n\n\n\n<p>The term \u201cpersonal data\u201d (hereinafter the \u201cData\u201d or the \u201cData\u201d) means any information relating to a natural person and allowing them to be identified, either directly or indirectly.<\/p>\n\n\n\n<p>MY FOOOD ensures that it only collects and processes Data that is strictly necessary for the purpose for which it is processed (principle of Data minimization).<\/p>\n\n\n\n<p>Data may be collected by MYFOOD depending on the case:<\/p>\n\n\n\n<ul class=\"wp-block-list\">\n<li>Directly from you, when you register on the CKIKI Application;<\/li>\n\n\n\n<li>Via the contact form available on the Application;<\/li>\n\n\n\n<li>Through your partners.<\/li>\n<\/ul>\n\n\n\n<p>\u200bIt is specified that certain Data must be communicated, without which MY FOOOD will not be able to process your request or provide you with its service.<\/p>\n\n\n\n<p>MYFOOD cannot be accused of collecting data that it has not requested to be disclosed \u2013 which will be deleted.<\/p>\n<\/div>\n\n\n\n<div class=\"wp-block-group container privacy-section-policies-block-box aos-item-fade is-layout-flow wp-block-group-is-layout-flow\">\n<h2 class=\"wp-block-heading\">4. DETAILS OF PROCESSING \u2013 PURPOSES \u2013 LEGAL BASES \u2013 STORAGE PERIODS<\/h2>\n\n\n\n<figure class=\"table-responsive\"><table class=\"table\"><tbody><tr><td><strong>Purposes of processing<br>(purposes)<\/strong><\/td><td><strong>Donn\u00e9es collect\u00e9es<\/strong><\/td><td><strong>Base l\u00e9gale<\/strong><\/td><td><strong>Dur\u00e9e de conservation des donn\u00e9es<\/strong>[1]<\/td><\/tr><tr><td colspan=\"4\"><strong>CKIKI Application Management<\/strong><\/td><\/tr><tr><td><strong>User account management<\/strong><\/td><td>Donn\u00e9es d\u2019identification&nbsp;: nom, pr\u00e9nom, adresse mail, t\u00e9l\u00e9phone<\/td><td>Ex\u00e9cution d\u2019un contrat<\/td><td><strong>Le temps de l\u2019inscription \u00e0 l\u2019Application par l\u2019utilisateur<\/strong> 3 ans \u00e0 compter de la d\u00e9sinscription de l\u2019utilisateur de l\u2019Application<\/td><\/tr><tr><td><strong>Partner SEO Management<\/strong><\/td><td>Nom commercial, raison sociale, nom, pr\u00e9nom, adresse, num\u00e9ro de t\u00e9l\u00e9phone, adresse mail<\/td><td>Consentement<\/td><td><strong>Le temps du r\u00e9f\u00e9rencement du partenaire sur l\u2019Application<\/strong> 3 ans \u00e0 compter du d\u00e9r\u00e9f\u00e9rencement du partenaire sur l\u2019Application<\/td><\/tr><tr><td><strong>Management of requests to exercise the rights of Data Subjects<\/strong><\/td><td>Donn\u00e9es d\u2019identificationDonn\u00e9es li\u00e9es \u00e0 la demandePhotocopie de la pi\u00e8ce d\u2019identit\u00e9 le cas \u00e9ch\u00e9ant<\/td><td>Obligation l\u00e9gale<\/td><td>Le temps de l\u2019ex\u00e9cution de la demande Et 1 an \u00e0 compter de la demande<\/td><\/tr><tr><td><strong>Sending commercial communications (advertising messages, newsletters, email campaigns, etc.)<\/strong><\/td><td>Adresse mail<\/td><td>Consentement<\/td><td><strong>Jusqu\u2019au retrait de son consentement par l\u2019utilisateur<\/strong>&nbsp;Jusqu\u2019\u00e0 opposition de l\u2019utilisateur&nbsp;3 ans \u00e0 compter du dernier contact<\/td><\/tr><tr><td><strong>Complaints management<\/strong><\/td><td>Donn\u00e9es d\u2019identification&nbsp;: nom, pr\u00e9nom, adresse mail, t\u00e9l\u00e9phone<\/td><td>Ex\u00e9cution d\u2019un contrat<\/td><td><strong>Le temps de l\u2019inscription de l\u2019utilisateur sur l\u2019Application<\/strong> Et 3 ans \u00e0 compter du dernier contact<\/td><\/tr><\/tbody><\/table><\/figure>\n\n\n\n<p><br>A l\u2019issue des dur\u00e9es de conservation indiqu\u00e9es, les Donn\u00e9es sont anonymis\u00e9es \u2013 de sorte qu\u2019il n\u2019est plus possible, de mani\u00e8re irr\u00e9m\u00e9diable, de vous identifier \u2013 ou d\u00e9truites.<\/p>\n<\/div>\n\n\n\n<div class=\"wp-block-group container privacy-section-policies-block-box aos-item-fade is-layout-flow wp-block-group-is-layout-flow\">\n<h2 class=\"wp-block-heading\">5. DESTINATAIRES DES DONN\u00c9ES PERSONNELLES<\/h2>\n\n\n\n<p>Destinataires internes \u00e0 MY FOOOD<\/p>\n\n\n\n<p>Les Donn\u00e9es font l\u2019objet d\u2019une communication au sein de MY FOOOD.<\/p>\n\n\n\n<p>En interne, les destinataires de vos Donn\u00e9es sont les personnes charg\u00e9es de la relation client, de l\u2019ex\u00e9cution des contrats et de la prospection, des services administratifs (facturation etc.).<\/p>\n\n\n\n<p>Destinataires externes \u00e0 MY FOOOD<\/p>\n\n\n\n<p>Vos Donn\u00e9es peuvent faire l\u2019objet d\u2019un traitement au nom et pour le compte de MY FOOOD par des prestataires de services de confiance.<\/p>\n\n\n\n<p><strong>Dans cette hypoth\u00e8se, nous nous assurons que tous les prestataires avec lesquels nous travaillons, pr\u00e9servent la confidentialit\u00e9 et la s\u00e9curit\u00e9 des Donn\u00e9es.<\/strong><\/p>\n\n\n\n<p>MY FOOOD fait appel \u00e0 des prestataires dont les services n\u00e9cessitent le traitement de vos Donn\u00e9es&nbsp;:<\/p>\n\n\n\n<ul class=\"wp-block-list\">\n<li>Des prestataires qui l\u2019assistent dans la gestion de l\u2019Application (CRM, outil de gestion commerciale)&nbsp;;<\/li>\n\n\n\n<li>Des r\u00e9gies publicitaires, agences marketing et\/ou web qui r\u00e9alisent l\u2019Application, des campagnes publicitaires, marketing et commerciales&nbsp;;<\/li>\n\n\n\n<li>Des tiers qui assistent et aident MY FOOOD \u00e0 fournir des services informatiques (fournisseurs de mat\u00e9riels informatiques, fournisseur d\u2019acc\u00e8s internet, fournisseur de plateforme, des services d\u2019h\u00e9bergement, des solutions logicielles, des services de maintenance et de support technique) pour les bases de donn\u00e9es, les logiciels et applications qui peuvent contenir des Donn\u00e9es vous concernant.<\/li>\n<\/ul>\n\n\n\n<p>Ces services peuvent parfois n\u00e9cessiter l\u2019acc\u00e8s aux Donn\u00e9es afin d\u2019accomplir les t\u00e2ches demand\u00e9es&nbsp;;<\/p>\n\n\n\n<ul class=\"wp-block-list\">\n<li>Des prestataires qui assurent une fonction de conseil aupr\u00e8s de notre soci\u00e9t\u00e9 (auditeur, expert-comptable, avocat, consultant informatique etc.)&nbsp;;<\/li>\n\n\n\n<li>Des prestataires qui assurent l\u2019entretien des locaux et l\u2019archivage papier.<\/li>\n<\/ul>\n\n\n\n<p>MY FOOOD peut par ailleurs \u00eatre amen\u00e9e \u00e0 communiquer vos Donn\u00e9es \u00e0 des institutions professionnelles telles que par exemple&nbsp;:<\/p>\n\n\n\n<ul class=\"wp-block-list\">\n<li>Les juridictions&nbsp;;<\/li>\n\n\n\n<li>Les auxiliaires de justice (huissiers de justice, notaires et avocats)&nbsp;;<\/li>\n\n\n\n<li>La CNIL&nbsp;;<\/li>\n\n\n\n<li>Les centres de m\u00e9diation.<\/li>\n<\/ul>\n\n\n\n<p>MY FOOOD ne loue pas ni ne vend les Donn\u00e9es, y compris \u00e0 des fins de prospection commerciale.<\/p>\n\n\n\n<p>MY FOOOD conserve vos Donn\u00e9es au sein de l\u2019Union europ\u00e9enne.<\/p>\n<\/div>\n\n\n\n<div class=\"wp-block-group container privacy-section-policies-block-box aos-item-fade is-layout-flow wp-block-group-is-layout-flow\">\n<h2 class=\"wp-block-heading\">6. S\u00c9CURIT\u00c9 DES DONN\u00c9ES PERSONNELLES<\/h2>\n\n\n\n<p>MY FOOOD s\u2019engage \u00e0 mettre en \u0153uvre les mesures techniques et organisationnelles appropri\u00e9es afin de garantir un niveau de s\u00e9curit\u00e9 adapt\u00e9 au risque encouru pour les droits et libert\u00e9s des personnes physiques dans le cadre des traitements susvis\u00e9s.<\/p>\n\n\n\n<p>En particulier, chaque collaborateur de MY FOOOD&nbsp;est soumis \u00e0 une obligation de confidentialit\u00e9 et est sensibilis\u00e9 \u00e0 la protection des donn\u00e9es personnelles, par le biais de formations notamment.<\/p>\n\n\n\n<p>MY FOOOD choisit des sous-traitants ou prestataires qui pr\u00e9sentent un haut niveau de garanties quant \u00e0 la mise en \u0153uvre de mesures techniques et organisationnelles appropri\u00e9es de mani\u00e8re \u00e0 ce que le traitement des Donn\u00e9es r\u00e9ponde aux exigences de la R\u00e9glementation en vigueur sur la protection des donn\u00e9es personnelles.<\/p>\n\n\n\n<p>En cas d\u2019un incident avec impact sur les Donn\u00e9es, MY FOOOD veille, selon le cadre impos\u00e9 par la R\u00e9glementation en vigueur, \u00e0 le notifier \u00e0 la Commission Nationale Informatique et Libert\u00e9s (CNIL) dans les meilleurs d\u00e9lais, apr\u00e8s en avoir pris connaissance et \u00e0 en informer si n\u00e9cessaire les Personnes concern\u00e9es.<\/p>\n<\/div>\n\n\n\n<div class=\"wp-block-group container privacy-section-policies-block-box aos-item-fade is-layout-flow wp-block-group-is-layout-flow\">\n<h2 class=\"wp-block-heading\">7. DROIT DES PERSONNES CONCERN\u00c9ES<\/h2>\n\n\n\n<p>Droit d\u2019acc\u00e8s, rectification, limitation et effacement<\/p>\n\n\n\n<p>Conform\u00e9ment \u00e0 la loi \u00ab Informatique et Libert\u00e9s \u00bb du 6 janvier 1978 modifi\u00e9e par la loi n\u00b02018-493 du 20 juin 2018 et au RGPD, en tant que personne concern\u00e9e par un traitement de Donn\u00e9es, vous b\u00e9n\u00e9ficiez d\u2019un droit :<\/p>\n\n\n\n<p>\u2013 d\u2019acc\u00e8s aux Donn\u00e9es,<\/p>\n\n\n\n<p>\u2013 de rectification des Donn\u00e9es,<\/p>\n\n\n\n<p>\u2013 \u00e0 l\u2019effacement des informations qui vous concernent dans les conditions fix\u00e9es \u00e0 l\u2019article 17 du RGPD,<\/p>\n\n\n\n<p>\u2013 \u00e0 la limitation du traitement,<\/p>\n\n\n\n<p>\u2013 de d\u00e9finir des directives g\u00e9n\u00e9rales et particuli\u00e8res d\u00e9finissant la mani\u00e8re dont vous entendez que soient exerc\u00e9s, apr\u00e8s votre d\u00e9c\u00e8s, vos droits.<\/p>\n\n\n\n<p>Droit d\u2019opposition<\/p>\n\n\n\n<p>Vous avez \u00e9galement le droit de vous opposer \u00e0 tout moment au traitement de vos Donn\u00e9es et \u00e0 ce que ces Donn\u00e9es soient utilis\u00e9es \u00e0 des fins de prospection commerciale ou de profilage.<\/p>\n\n\n\n<p>Droit \u00e0 la portabilit\u00e9 des donn\u00e9es<\/p>\n\n\n\n<p>Lorsque le traitement est fond\u00e9 sur le consentement ou sur un contrat et qu\u2019il est effectu\u00e9 \u00e0 l\u2019aide de proc\u00e9d\u00e9s automatis\u00e9s, vous disposez d\u2019un droit \u00e0 la portabilit\u00e9 de vos Donn\u00e9es. Conform\u00e9ment \u00e0 l\u2019article 20 du RGPD, vous disposez du droit de recevoir les Donn\u00e9es vous concernant fournie \u00e0 MY FOOOD, dans un format structur\u00e9, couramment utilis\u00e9 et lisible par machine, et avez le droit de transmettre ces Donn\u00e9es \u00e0 un autre responsable du traitement sans que notre soci\u00e9t\u00e9 \u00e0 laquelle vous avez communiqu\u00e9 les Donn\u00e9es y fasse obstacle.<\/p>\n\n\n\n<p>Droit d\u2019introduire une r\u00e9clamation aupr\u00e8s de la CNIL<\/p>\n\n\n\n<p>Enfin, vous pouvez le cas \u00e9ch\u00e9ant, introduire une r\u00e9clamation aupr\u00e8s des services de la CNIL (https:\/\/www.cnil.fr\/fr\/plaintes). Pour ce faire, vous pouvez vous adresser \u00e0 la Cnil par courrier ou par t\u00e9l\u00e9phone (informations disponibles ici : https:\/\/www.cnil.fr\/fr\/vous-souhaitez-contacter-la-cnil).<\/p>\n\n\n\n<p>Vous pouvez exercer ces droits en justifiant de votre identit\u00e9 et en vous adressant \u00e0 MY FOOOD \u00e0 l\u2019adresse mail : <a href=\"mailto:hello@ckiki.com\">hello@ckiki.com<\/a>&nbsp;;&nbsp;<a href=\"mailto:laurentf@ckiki.com\">laurentf@ckiki.com<\/a><\/p>\n\n\n\n<p>Ou par courrier adress\u00e9 \u00e0&nbsp;: SAS MY FOOOD \u2013 3 all\u00e9e des pivoines 35830 BETTON.<\/p>\n\n\n\n<p>Une r\u00e9ponse dans un d\u00e9lai d\u2019un (1) mois maximum suivant la date de r\u00e9ception de votre demande vous sera fournie. Ce d\u00e9lai pourra \u00eatre prolong\u00e9 de deux (2) mois suppl\u00e9mentaires compte tenu de la complexit\u00e9 et du nombre de demandes.<\/p>\n\n\n\n<p>En cas de doute raisonnable quant \u00e0 votre identit\u00e9 et dans la mesure o\u00f9 celle-ci ne peut \u00eatre v\u00e9rifi\u00e9e autrement, MY FOOOD peut requ\u00e9rir une copie de votre pi\u00e8ce d\u2019identit\u00e9.<\/p>\n\n\n\n<p>Pour plus d\u2019informations sur vos droits, vous pouvez consulter le site de la CNIL :&nbsp;<a href=\"https:\/\/www.cnil.fr\/fr\/les-droits-pour-maitriser-vos-donnees-personnelles\">www.cnil.fr\/fr\/les-droits-pour-maitriser-vos-donnees-personnelles<\/a>.<\/p>\n<\/div>\n\n\n\n<div class=\"wp-block-group container privacy-section-policies-block-box aos-item-fade is-layout-flow wp-block-group-is-layout-flow\">\n<h2 class=\"wp-block-heading\">8. REVISION ET ACTUALISATION<\/h2>\n\n\n\n<p>La pr\u00e9sente politique sera actualis\u00e9e autant que de besoin afin de r\u00e9pondre aux exigences de la r\u00e9glementation applicable \u00e0 la protection des Donn\u00e9es.<br><\/p>\n\n\n\n<p>[1] Les dur\u00e9es de conservations sont \u00e9tablies comme suit : conservation pendant toute la dur\u00e9e de la finalit\u00e9 du traitement (en base active) puis x ann\u00e9es \u00e0 partir de la fin de l\u2019objectif atteint, ou \u00e0 partir de la fin de la relation contractuelle ou de la relation de travail, pour se constituer une preuve en cas de contentieux (dur\u00e9e de prescription l\u00e9gale, conservation en archivage interm\u00e9diaire).<\/p>\n<\/div>\n<\/div>\n\n\n\n<p><\/p>","protected":false},"excerpt":{"rendered":"<p>Politique de Confidentialit\u00e9 1. OBJET MY FOOOD est une soci\u00e9t\u00e9 par actions simplifi\u00e9e immatricul\u00e9e au RCS de Rennes sous le n\u00b0901 287&nbsp;136 dont le si\u00e8ge social se situe 3 all\u00e9e des pivoines 35830 BETTON. Mail : hello@ckiki.com;&nbsp;&nbsp;laurentf@ckiki.com N\u00b0 : 0613566064 Dans le cadre de l\u2019utilisation de l\u2019Application CKIKI (ci-apr\u00e8s l\u2019\u00ab&nbsp;Application&nbsp;\u00bb), MY FOOOD proc\u00e8de \u00e0 diff\u00e9rents [&hellip;]<\/p>","protected":false},"author":1,"featured_media":0,"parent":0,"menu_order":0,"comment_status":"closed","ping_status":"closed","template":"","meta":{"footnotes":""},"class_list":["post-455","page","type-page","status-publish","hentry"],"_links":{"self":[{"href":"https:\/\/website.develop.ckiki.com\/en\/wp-json\/wp\/v2\/pages\/455","targetHints":{"allow":["GET"]}}],"collection":[{"href":"https:\/\/website.develop.ckiki.com\/en\/wp-json\/wp\/v2\/pages"}],"about":[{"href":"https:\/\/website.develop.ckiki.com\/en\/wp-json\/wp\/v2\/types\/page"}],"author":[{"embeddable":true,"href":"https:\/\/website.develop.ckiki.com\/en\/wp-json\/wp\/v2\/users\/1"}],"replies":[{"embeddable":true,"href":"https:\/\/website.develop.ckiki.com\/en\/wp-json\/wp\/v2\/comments?post=455"}],"version-history":[{"count":15,"href":"https:\/\/website.develop.ckiki.com\/en\/wp-json\/wp\/v2\/pages\/455\/revisions"}],"predecessor-version":[{"id":781,"href":"https:\/\/website.develop.ckiki.com\/en\/wp-json\/wp\/v2\/pages\/455\/revisions\/781"}],"wp:attachment":[{"href":"https:\/\/website.develop.ckiki.com\/en\/wp-json\/wp\/v2\/media?parent=455"}],"curies":[{"name":"wp","href":"https:\/\/api.w.org\/{rel}","templated":true}]}}