{"id":424,"date":"2025-03-06T13:57:38","date_gmt":"2025-03-06T13:57:38","guid":{"rendered":"http:\/\/localhost\/ckiki-dev\/?page_id=424"},"modified":"2025-04-04T09:40:35","modified_gmt":"2025-04-04T09:40:35","slug":"terms-of-service","status":"publish","type":"page","link":"https:\/\/website.develop.ckiki.com\/en\/terms-of-service\/","title":{"rendered":"Terms of Service"},"content":{"rendered":"<div class=\"wp-block-group container terms-section is-layout-flow wp-block-group-is-layout-flow\">\n<div class=\"wp-block-group container terms-section-title aos-item-fade is-layout-flow wp-block-group-is-layout-flow\">\n<h1 class=\"wp-block-heading custom-text-gradient\">Terms<\/h1>\n\n\n\n<h1 class=\"wp-block-heading\">of Service<\/h1>\n<\/div>\n<\/div>\n\n\n\n<div class=\"wp-block-group container terms-section-policies-block is-layout-flow wp-block-group-is-layout-flow\">\n<div class=\"wp-block-group container terms-section-policies-block-box aos-item-fade is-layout-flow wp-block-group-is-layout-flow\">\n<h2 class=\"wp-block-heading\">1. Acceptance of Terms<\/h2>\n\n\n\n<p>Welcome to CKIKI! By accessing or using our platform, you agree to comply with these Terms of Use (the \u201cTerms\u201d). If you do not agree, please refrain from using CKIKI.<\/p>\n<\/div>\n\n\n\n<div class=\"wp-block-group container terms-section-policies-block-box aos-item-fade is-layout-flow wp-block-group-is-layout-flow\">\n<h2 class=\"wp-block-heading\">2. Description of Service<\/h2>\n\n\n\n<p>CKIKI is a platform designed to promote transparency by providing verified product and service information. Businesses can share details about their offerings, and consumers can request and track information to make informed decisions.<\/p>\n<\/div>\n\n\n\n<div class=\"wp-block-group container terms-section-policies-block-box aos-item-fade is-layout-flow wp-block-group-is-layout-flow\">\n<h2 class=\"wp-block-heading\">3. Eligibility<\/h2>\n\n\n\n<p>You must be at least 18 years old to use CKIKI. By creating an account, you confirm that you meet this requirement.<\/p>\n<\/div>\n\n\n\n<div class=\"wp-block-group container terms-section-policies-block-box aos-item-fade is-layout-flow wp-block-group-is-layout-flow\">\n<h2 class=\"wp-block-heading\">4. User Responsibilities<\/h2>\n\n\n\n<p class=\"bold\">Account Security<\/p>\n\n\n\n<ul class=\"wp-block-list\">\n<li>Keep your account details secure.<\/li>\n\n\n\n<li>Notify us immediately of any unauthorized account use.<\/li>\n<\/ul>\n\n\n\n<p><\/p>\n\n\n\n<p class=\"bold\">Platform Usage<\/p>\n\n\n\n<ul class=\"wp-block-list\">\n<li>Use CKIKI responsibly and ethically.<\/li>\n\n\n\n<li>Do not misuse or exploit the platform for fraudulent purposes.<\/li>\n\n\n\n<li>Ensure all information you provide is accurate and lawful.<\/li>\n<\/ul>\n<\/div>\n\n\n\n<div class=\"wp-block-group container terms-section-policies-block-box aos-item-fade is-layout-flow wp-block-group-is-layout-flow\">\n<h2 class=\"wp-block-heading\">5. <strong>EDITEUR ET RESPONSABLE DE PUBLICATION<\/strong><\/h2>\n\n\n\n<p>L\u2019Application CKIKI est \u00e9dit\u00e9e par la soci\u00e9t\u00e9 MY FOOOD, soci\u00e9t\u00e9 par actions simplifi\u00e9e au capital de 5&nbsp;000 euros, inscrite au RCS de Rennes sous le n\u00b0901&nbsp;287&nbsp;136 dont le si\u00e8ge social se situe<\/p>\n\n\n\n<p>3 all\u00e9e des pivoines 35830 BETTON.<\/p>\n\n\n\n<p>Son directeur de la publication est Laurent FONTAGNOL, Pr\u00e9sident, domicili\u00e9 \u00e0 l\u2019adresse susmentionn\u00e9e.<\/p>\n\n\n\n<p>Son num\u00e9ro de TVA intracommunautaire est le FR00901287136.<\/p>\n\n\n\n<p>Toute r\u00e9clamation ou notification doit \u00eatre adress\u00e9e&nbsp;:<\/p>\n\n\n\n<ul class=\"wp-block-list\">\n<li>Soit par mail \u00e0 l\u2019adresse <a href=\"mailto:hello@ckiki.com\">hello@ckiki.com<\/a> ; <a href=\"mailto:laurentf@ckiki.com\">laurentf@ckiki.com<\/a><\/li>\n\n\n\n<li>Soit par courrier postal au 3 all\u00e9e des pivoines 35830 BETTON ;<\/li>\n\n\n\n<li>Soit par t\u00e9l\u00e9phone au 0613566064.<\/li>\n<\/ul>\n<\/div>\n\n\n\n<div class=\"wp-block-group container terms-section-policies-block-box aos-item-fade is-layout-flow wp-block-group-is-layout-flow\">\n<h2 class=\"wp-block-heading\">6. <strong>HEBERGEUR<\/strong><\/h2>\n\n\n\n<p>L\u2019Application est h\u00e9berg\u00e9e chez la soci\u00e9t\u00e9 Bretagne TELECOM\u00a0soci\u00e9t\u00e9 par actions simplifi\u00e9es, au capital social de\u00a08\u00a0000\u00a0000,00 \u20ac, Siret : 483 400 628 00028\u00a0 APE : 6110Z avec sa solution d\u2019H\u00e9bergement D\u00e9nomination Blue, dont le si\u00e8ge social se trouve \u00e0 l\u2019Adresse postale : ZI de Bellevue \u2013 32 rue Blaise Pascal, 35220 Ch\u00e2teaubourg<\/p>\n\n\n\n<p>T\u00e9l\u00e9phone : 02 30 30 00 00<\/p>\n\n\n\n<p>Adresse mail\u00a0: \u00a0<a href=\"mailto:communication@bt-blue.com\">communication@bt-blue.com<\/a><\/p>\n<\/div>\n\n\n\n<div class=\"wp-block-group container terms-section-policies-block-box aos-item-fade is-layout-flow wp-block-group-is-layout-flow\">\n<h2 class=\"wp-block-heading\">7. <strong><strong>PROPRIETE INTELLECTUELLE<\/strong><\/strong><\/h2>\n\n\n\n<p>Le signe \u00ab&nbsp;CKIKI&nbsp;\u00bb est d\u00e9pos\u00e9 \u00e0 titre de marque.<\/p>\n\n\n\n<p>Ces \u00e9l\u00e9ments ne peuvent \u00eatre utilis\u00e9s sans l\u2019autorisation express de MY FOOOD.<\/p>\n\n\n\n<p>MY FOOOD est propri\u00e9taire des droits de propri\u00e9t\u00e9 intellectuelle ou d\u00e9tient les droits d\u2019usage sur tous les \u00e9l\u00e9ments accessibles sur l\u2019Application, notamment les textes, images, vid\u00e9os, graphismes, logo, ic\u00f4nes, sons, logiciels.<\/p>\n\n\n\n<p>Toute reproduction, repr\u00e9sentation, modification, publication, adaptation de tout ou partie des \u00e9l\u00e9ments de l\u2019Application, ainsi que des marques d\u00e9tenues par MY FOOOD, quel que soit le moyen ou le proc\u00e9d\u00e9 utilis\u00e9, est interdite, sauf autorisation \u00e9crite et pr\u00e9alable de MY FOOOD.<\/p>\n\n\n\n<p>Toute exploitation non autoris\u00e9e de l\u2019Application, des \u00e9l\u00e9ments qu\u2019elle contient ou des marques d\u00e9tenues par MY FOOOD, sera consid\u00e9r\u00e9e comme constitutive d\u2019une contrefa\u00e7on et poursuivie conform\u00e9ment aux dispositions du Code de la propri\u00e9t\u00e9 intellectuelle.<\/p>\n<\/div>\n<\/div>\n\n\n\n<p><\/p>","protected":false},"excerpt":{"rendered":"<p>Conditions d&rsquo;utilisation 1. Acceptation des conditions Bienvenue sur CKIKI&nbsp;! En acc\u00e9dant \u00e0 notre plateforme ou en l&rsquo;utilisant, vous acceptez de vous conformer aux pr\u00e9sentes Conditions d&rsquo;utilisation (les \u00ab&nbsp;Conditions&nbsp;\u00bb). En cas de d\u00e9saccord, veuillez vous abstenir d&rsquo;utiliser CKIKI. 2. Description du service CKIKI est une plateforme con\u00e7ue pour promouvoir la transparence en fournissant des informations v\u00e9rifi\u00e9es [&hellip;]<\/p>","protected":false},"author":1,"featured_media":0,"parent":0,"menu_order":0,"comment_status":"closed","ping_status":"closed","template":"","meta":{"footnotes":""},"class_list":["post-424","page","type-page","status-publish","hentry"],"_links":{"self":[{"href":"https:\/\/website.develop.ckiki.com\/en\/wp-json\/wp\/v2\/pages\/424","targetHints":{"allow":["GET"]}}],"collection":[{"href":"https:\/\/website.develop.ckiki.com\/en\/wp-json\/wp\/v2\/pages"}],"about":[{"href":"https:\/\/website.develop.ckiki.com\/en\/wp-json\/wp\/v2\/types\/page"}],"author":[{"embeddable":true,"href":"https:\/\/website.develop.ckiki.com\/en\/wp-json\/wp\/v2\/users\/1"}],"replies":[{"embeddable":true,"href":"https:\/\/website.develop.ckiki.com\/en\/wp-json\/wp\/v2\/comments?post=424"}],"version-history":[{"count":10,"href":"https:\/\/website.develop.ckiki.com\/en\/wp-json\/wp\/v2\/pages\/424\/revisions"}],"predecessor-version":[{"id":807,"href":"https:\/\/website.develop.ckiki.com\/en\/wp-json\/wp\/v2\/pages\/424\/revisions\/807"}],"wp:attachment":[{"href":"https:\/\/website.develop.ckiki.com\/en\/wp-json\/wp\/v2\/media?parent=424"}],"curies":[{"name":"wp","href":"https:\/\/api.w.org\/{rel}","templated":true}]}}